{"id":97,"date":"2015-11-18T19:01:33","date_gmt":"2015-11-18T19:01:33","guid":{"rendered":"http:\/\/ladaklubi.ee\/?page_id=97"},"modified":"2015-11-23T19:08:42","modified_gmt":"2015-11-23T19:08:42","slug":"avaleht","status":"publish","type":"page","link":"https:\/\/ladaklubi.ee\/","title":{"rendered":"Avaleht"},"content":{"rendered":"<p>Tere tulemast Ladaklubi kodulehele<br \/>\nHea tehnikas\u00f5ber! Oled sisenenud netiavarustes paiknevale Eesti Ladaklubi kodulehele.<br \/>\nLoodame, et leiad siit midagi kasulikku enese tehnika teadmiste t\u00e4iendamiseks ja kui Sul on kasutada ka Lada m\u00e4rki kandev s\u00f5iduauto, siis usume, et tuled peagi tagasi.<br \/>\nSiin asuvad meie klubilist liikumist kajastavad tekstid, Lada mudelite tutvustused ajalool\u00f5ikes, m\u00f5ned kasulikud artiklid autojuhtidele jm. Suurima infomahuga on loomulikult foorum, kus kirjas tohutu teadmiste ning kogemuste varamu. Tasub kahtlemata lugemisvaeva isegi siis, kui Sul endal on probleeme m\u00f5nd teist marki autoga, sest masinad on erinevaid tootjam\u00e4rke kandvad, kuid konstruktsioon ja ekspluatatsioonis ilmnevad vead tihtipeale sarnased.<br \/>\nKahjuks p\u00fc\u00fcame foorumis k\u00fcll rohkem abistada h\u00e4dasolijaid oma Lada t\u00fc\u00fcpi masinate t\u00f6\u00f6shoidmisel, sest tegemist ju ikkagi Ladaklubi kasutuses oleva elektroonilise ruumiga, kuid otseselt tagasi l\u00fckatud pole kedagi.<\/p>\n<p>Head surfamist!<\/p>\n<p><em>Eesti Ladaklubi<\/em><\/p>\n","protected":false},"excerpt":{"rendered":"<p>Tere tulemast Ladaklubi kodulehele Hea tehnikas\u00f5ber! Oled sisenenud netiavarustes paiknevale Eesti Ladaklubi kodulehele. Loodame, et leiad siit midagi kasulikku enese tehnika teadmiste t\u00e4iendamiseks ja kui Sul on kasutada ka Lada m\u00e4rki kandev s\u00f5iduauto, siis usume, et tuled peagi tagasi. Siin asuvad meie klubilist liikumist kajastavad tekstid, Lada mudelite tutvustused ajalool\u00f5ikes, m\u00f5ned kasulikud artiklid autojuhtidele jm. [&hellip;]<\/p>\n","protected":false},"author":1,"featured_media":0,"parent":0,"menu_order":0,"comment_status":"closed","ping_status":"closed","template":"","meta":[],"_links":{"self":[{"href":"https:\/\/ladaklubi.ee\/index.php?rest_route=\/wp\/v2\/pages\/97"}],"collection":[{"href":"https:\/\/ladaklubi.ee\/index.php?rest_route=\/wp\/v2\/pages"}],"about":[{"href":"https:\/\/ladaklubi.ee\/index.php?rest_route=\/wp\/v2\/types\/page"}],"author":[{"embeddable":true,"href":"https:\/\/ladaklubi.ee\/index.php?rest_route=\/wp\/v2\/users\/1"}],"replies":[{"embeddable":true,"href":"https:\/\/ladaklubi.ee\/index.php?rest_route=%2Fwp%2Fv2%2Fcomments&post=97"}],"version-history":[{"count":1,"href":"https:\/\/ladaklubi.ee\/index.php?rest_route=\/wp\/v2\/pages\/97\/revisions"}],"predecessor-version":[{"id":98,"href":"https:\/\/ladaklubi.ee\/index.php?rest_route=\/wp\/v2\/pages\/97\/revisions\/98"}],"wp:attachment":[{"href":"https:\/\/ladaklubi.ee\/index.php?rest_route=%2Fwp%2Fv2%2Fmedia&parent=97"}],"curies":[{"name":"wp","href":"https:\/\/api.w.org\/{rel}","templated":true}]}}