{"id":95,"date":"2015-11-18T19:04:45","date_gmt":"2015-11-18T19:04:45","guid":{"rendered":"http:\/\/ladaklubi.ee\/?page_id=95"},"modified":"2015-11-23T19:08:42","modified_gmt":"2015-11-23T19:08:42","slug":"pohikiri","status":"publish","type":"page","link":"https:\/\/ladaklubi.ee\/?page_id=95","title":{"rendered":"P\u00f5hikiri"},"content":{"rendered":"<table class=\"contentpaneopen\">\n<tbody>\n<tr>\n<td valign=\"top\">\n<h3>I \u00dcLDS\u00c4TTED<\/h3>\n<div>1. Eesti Ladaklubi (edaspidi nimetatud Klubi), on vaba algatuse alusel asutatud ja seltsinguna tegutsev vabatahtlik \u00fchendus, mille p\u00f5hitegevus on suunatud s\u00f5iduautodega Lada (edaspidi Lada) seonduva tegevuse arendamisele ning \u00fcldise autokultuuri t\u00f5stmisele Eestis.<\/div>\n<div>2. Klubi \u00fchendab Eestis aktiivselt klubi eesm\u00e4rkidele kaasa aitavaid isikuid, klubisid, seltse ja \u00fchendusi.<\/div>\n<div>3. Klubi juhindub oma tegevuses Eesti Vabariigis kehtivatest \u00f5igusaktidest, nendega koosk\u00f5las kehtestatud muudest aktidest ning otsustest ja k\u00e4esolevast p\u00f5hikirjast.<\/div>\n<div>4. Majandustegevuse kaudu tulu saamine ei ole klubi p\u00f5hitegevus. Klubi tulu kasutatakse p\u00f5hikirjaliste eesm\u00e4rkide saavutamiseks, tulu liikmete vahel ei jaotata.<\/div>\n<div>5. Klubil on oma s\u00fcmboolika ja atribuutika ning tal on nende k\u00e4sutamise ja kasutamise ainu\u00f5igus.<\/div>\n<h3>II KLUBI EESM\u00c4RGID JA TEGEVUS<\/h3>\n<div>6. Klubi tegevuse eesm\u00e4rkideks on:<\/div>\n<div>6.1 Ladadega s\u00f5itvate ja\/v\u00f5i nendest huvituvate inimeste \u00fchendamine;<\/div>\n<div>6.2 Klubi liikmete igak\u00fclgne abistamine nii Ladaga seonduvalt, kui v\u00e4ljaspool;<\/div>\n<div>6.3 Lada kui automargi maine parandamine Eestis;<\/div>\n<div>6.4 Kontaktide loomine Lada-huvilistega \u00fcle maailma;<\/div>\n<div>6.5 Klubi liikmete \u00fchistest huvidest l\u00e4htudes sportimiseks ja vaba aja veetmiseks soodsate tingimuste loomine;<\/div>\n<div>6.6 Klubi tegevuse kandepinna laiendamine ja seel\u00e4bi autokultuuri t\u00f5stmine Eestis.<\/div>\n<div>7. Eesm\u00e4rkide t\u00e4itmiseks Klubi:<\/div>\n<div>7.1 Koondab ja \u00fchendab Klubi eesm\u00e4rkidele kaasa aitavaid isikuid, klubisid, seltse ja \u00fchendusi;<\/div>\n<div>7.2 Tegeleb aktiivset enese ja oma eesm\u00e4rkide tutvustamise ja arengu toetamisega avalikkuses;<\/div>\n<div>7.3 Korraldab sportlikku tegevust, organiseerib v\u00f5istluseid ja \u00fcritusi, osav\u00f5tte v\u00f5istlustest, koostab edetabeleid, toetab Klubi esindajaid ning nende valmistumist rahvusvahelisteks ning kohalikeks v\u00f5istlusteks, t\u00f6\u00f6tab v\u00e4lja ning kehtestab v\u00f5istluste juhendeid, korraldab huvilistele ja oma liikmetele tehnikaga seonduva tegevusealast v\u00e4lja- ja t\u00e4iend\u00f5pet, hangib materjale, autasustab sportlasi ja Klubi liikmeid ning toetajaid;<\/div>\n<div>7.4 Arendab koost\u00f6\u00f6d teiste riikide samalaadsete klubide ja organisatsioonidega, riigiasutustega, kohalike omavalitsustega, ettev\u00f5tete ja \u00fcksikisikutega nii kodu- kui v\u00e4lismaal tegevuse edendamiseks ning traditsioonide s\u00e4ilitamiseks;<\/div>\n<div>7.5 Viib tegevuse korraldamiseks vajalike vahendite hankimise eesm\u00e4rgil l\u00e4bi tasulisi \u00fcritusi, v\u00f5tab vastu varalisi annetusi ja eraldisi ning kogub vahendeid Klubi liikmetelt.<\/div>\n<h3>III KLUBI LIIKMESKOND, LIIKMEMAKS<\/h3>\n<div>8. Klubi liikmeks v\u00f5ivad olla isikud, kes tunnistavad ja t\u00e4idavad k\u00e4esolevat p\u00f5hikirja, osalevad aktiivselt Klubi tegevuses ning tasuvad \u00fchekordset sisseastumismaksu ja regulaarset liikmemaksu.<\/div>\n<div>8.1 Liikmemaksu v\u00f5ib tasuda kahes osas, tasumise t\u00e4htaeg on 15.veebruar ja 15.august.<\/div>\n<div>8.2 Liikmemaks tasutakse ettemaksuna.<\/div>\n<div>9. Klubi liikmetelt ja liikmeks astujatelt (liikmekandidaatidelt) eeldatavad tingimused:<\/div>\n<div>9.1 Liige v\u00f5i liikmeksastuja tunnistab k\u00e4esolevat p\u00f5hikirja ning Klubi juhatust;<\/div>\n<div>9.2 Liikmel v\u00f5i liikmeksastujal on tahe t\u00e4ita Klubi eesm\u00e4rke ning osaleda aktiivselt viimase tegevuses;<\/div>\n<div>9.3 Liikmeksastujal on v\u00e4hemalt kolme klubiliikme soovitus;<\/div>\n<div>9.4 Liige v\u00f5i liikmeksastuja on v\u00e4hemalt 18 aastat vana;<\/div>\n<div>9.5 Liige v\u00f5i liikmeksastuja omab Ladat v\u00f5i kasutus\u00f5igust perekonnas olevale Lada-t\u00fc\u00fcpi s\u00f5iduautole.<\/div>\n<div>10. Klubi liikmeks astumiseks tuleb esitada avaldus Klubi juhatusele, kes vaatab avaldused l\u00e4bi ja v\u00f5tab vastu liikmeksv\u00f5tmise otsused v\u00e4hemalt kaks korda aastas. Isik, kes on Klubi<\/div>\n<div>juhatusele esitanud liikmeksastumise avalduse, nimetatakse liikmekandidaadiks. Liikmekandidaadiks olemise periood on kuni \u00fcks aasta. Klubi juhatus v\u00f5ib liikmeks v\u00f5tmisel teha m\u00f6\u00f6ndusi punktis 9.3 &#8211; 9.5 toodud tingimustes.<\/div>\n<div>11. Klubi liikmel on \u00f5igus:<\/div>\n<div>11.1 Osaleda ja olla esindatud Klubi \u00fcritustel ning tegevustes;<\/div>\n<div>11.2 Kasutada Klubi poolt loodud soodustusi vastavalt Klubis kehtestatud korrale;<\/div>\n<div>11.3 Osaleda h\u00e4\u00e4le\u00f5iguslikuna \u00fcldkoosolekute t\u00f6\u00f6s. Valida ja olla valitud Klubi juht-, kontroll- ning teistesse valitavatesse organistesse. Esindada Klubi selle juhtorganite volitusel teistes organisatsioonides ning \u00fcritustel;<\/div>\n<div>11.4 Esitada arup\u00e4rimisi ja ettepanekuid Klubi valitavate organite tegevuse kohta ning saada Klubi tegevusest teda huvitavat informatsiooni;<\/div>\n<div>11.5 Kasutada vastavalt kehtestatud korrale Klubi s\u00fcmboolikat ja atribuutikat;<\/div>\n<div>11.6 Avaldada Klubi juhatuse v\u00f5i juhatuse liikme suhtes umbusaldust;<\/div>\n<div>11.7 Klubist v\u00e4lja astuda.<\/div>\n<div>12. Klubi liikmed on kohustatud:<\/div>\n<div>12.1 J\u00e4rgima Klubi p\u00f5hikirja ning teisi valitavate organite ja \u00fcldkogu poolt oma p\u00e4devuse piires kehtestatud akte;<\/div>\n<div>12.2 Osalema aktiivselt Klubi tegevuses;<\/div>\n<div>12.3 Hoidma ja kaitsma Klubi head nime, seisma Klubi eesm\u00e4rkide ja p\u00f5him\u00f5tete eest;<\/div>\n<div>12.4 J\u00e4lgima, et Klubi s\u00fcmboolikat ning nime ei kasutataks v\u00e4\u00e4radel eesm\u00e4rkidel;<\/div>\n<div>12.5 Kutsuma korrale isikud, kes viibides klubi\u00fcritustel rikuvad EV-s kehtestatud seadusi ja teavitama k\u00f5igist sarnastest juhtumitest Klubi juhatust.<\/div>\n<div>12.6 Tasuma \u00f5igeaegselt liikmemakse;<\/div>\n<div>13. Klubi liikmekandidaadid on kohustatud t\u00e4itma p\u00f5hikirja punkte 12.1 kuni 12.5<\/div>\n<div>14. Klubi toetajaliikmeks v\u00f5ivad olla f\u00fc\u00fcsilised- ja juriidilised isikud, kes oma tegevusega aitavad kaasa Klubi eesm\u00e4rkide elluviimisele. Klubi ja toetajaliikmete vahelised suhted reguleeritakse omavaheliste lepingutega.<\/div>\n<div>15. Klubi noorliikmeteks v\u00f5ivad olla kuni 18. aastased isikud, kes tunnistavad ja t\u00e4idavad k\u00e4esolevat p\u00f5hikirja, osalevad aktiivselt Klubi tegevuses ning tasuvad \u00fchekordset sisseastumismaksu ja regulaarset liikmemaksu.<\/div>\n<div>15.1 Klubi noorliikmetelt ja noorliikmeks astujatelt eeldatakse samasuguseid tingimusi liikmetega v.a. punktides 9.4 ja 9.5 toodud.<\/div>\n<div>15.2 Klubi noorliikmetel on punktides 11.1, 11.2, 11.4, 11.5 ja 11.7 kehtestatud \u00f5igused ning punktis 12 toodud kohustused.<\/div>\n<div>16. Klubi juhatusel on \u00f5igus nimetada Klubi auliikmeid. Auliikmetel liikmemaksu tasumise kohustus puudub.<\/div>\n<div>17. Juhatus v\u00f5ib m\u00f5juvatel p\u00f5hjustel iga liikme isikliku avalduse alusel \u00fchekordselt pikendada liikmemaksu tasumise t\u00e4htaega kuni \u00fche kalendrikuu v\u00f5rra, vabastada liige liikmemaksust v\u00f5i v\u00e4hendada liikmemaksu poole v\u00f5rra;<\/div>\n<div>18. Liikmelisust Klubis ja liikme\u00f5iguste teostamist ei saa \u00fcle anda.<\/div>\n<div>19. Liikme v\u00f5ib Klubist v\u00e4lja arvata juhatuse otsusega, kui:<\/div>\n<div>19.1 Ta ei t\u00e4ida Klubi p\u00f5hikirja s\u00e4tteid v\u00f5i on kahjustanud oluliselt Klubi moraalselt v\u00f5i materiaalselt;<\/div>\n<div>19.2 J\u00e4tab s\u00fcstemaatiliselt t\u00e4itmata Klubi valitud organite ning juhatuse poolt oma p\u00e4devuse piires kehtestatud akte;<\/div>\n<div>19.3 On j\u00e4tnud vastavalt kehtivale korrale tasumata Klubi liikmemaksu.<\/div>\n<div>20. Klubist v\u00e4lja arvatud liikmele tuleb tema Klubist v\u00e4ljaarvamise otsuse tegemisest ja selle p\u00f5hjustest viie t\u00f6\u00f6p\u00e4eva jooksul teatada.<\/div>\n<div>21. Liikmelisuse l\u00f5ppemisel sisseastumis- ja liikmemakse ei tagastata, samuti ei tagastata isiku poolt tehtud rahalisi ja materiaalseid annetusi.<\/div>\n<h3>IV KLUBI JUHTIMINE JA J\u00c4RELEVALVE, \u00dcLDKOOSOLEK<\/h3>\n<div>22. Klubi k\u00f5rgemaks organiks on Klubi liikmete \u00fcldkoosolek. \u00dcldkoosoleku kutsub kokku Klubi juhatus. \u00dcldkoosolekul v\u00f5ivad h\u00e4\u00e4le\u00f5iguslikult osaleda k\u00f5ik Klubi liikmed. Klubi noorliikmetel h\u00e4\u00e4le\u00f5igus puudub. \u00dcldkoosolekul v\u00e4lja toodud ideid ning p\u00e4evakorrapunkte v\u00f5ib koosolekul osalevate liikmete n\u00f5usolekul panna h\u00e4\u00e4letusele Klubi interneti foorumi vaid liikmetele juurdep\u00e4\u00e4setavasse sektsiooni.<\/div>\n<div>23. Juhatus on kohustatud \u00fcldkoosoleku kokku kutsuma ka juhul, kui vastav n\u00f5ue on esitatud v\u00e4hemalt 1\/6 Klubi liikmete poolt. \u00dcldkoosoleku kokkukutsumisest peab ette teatama v\u00e4hemalt 14 p\u00e4eva. Kokkukutsumise teade peab sisaldama \u00fcldkoosoleku toimumise aja, koha ja p\u00e4evakorra projekti.<\/div>\n<div>24. \u00dcldkoosolek v\u00f5tab vastu otsuseid Klubi juhtimise k\u00fcsimustes, mis ei ole antud k\u00e4esolevas p\u00f5hikirjas Klubi juhatuse p\u00e4devusse. \u00dcldkoosoleku p\u00e4devusse kuulub:<\/div>\n<div>24.1 P\u00f5hikirja muutmine ja Klubi eesm\u00e4rkide muutmine;<\/div>\n<div>24.2 Klubi \u00fchinemise, jagunemise v\u00f5i tegevuse l\u00f5petamise otsustamine;<\/div>\n<div>24.3 Aasta tegevuskava ja eelarve kinnitamine;<\/div>\n<div>24.4 Klubi juhatuse liikmete ning revidendi valimine;<\/div>\n<div>24.5 Klubi juhatuse liikme ning revidendi taandamine;<\/div>\n<div>25. \u00dcldkoosolekut juhatab \u00fcks Juhatuse liikmetest v\u00f5i liikmete soovil koosolekul valitud juhataja.<\/div>\n<div>Kui keegi \u00fcldkoosolekul osalevatest liikmetest n\u00f5uab salajast h\u00e4\u00e4letamist, tuleb antud k\u00fcsimuses otsus vastu v\u00f5tta salajase h\u00e4\u00e4letamise teel.<\/div>\n<div>\u00dcldkoosoleku kohta koostatakse protokoll.<\/div>\n<div>26. \u00dcldkoosolek on otsustusv\u00f5imeline, kui sellel osaleb v\u00f5i on esindatud \u00fcks kolmandik liikmetest.<\/div>\n<div>Kui \u00fcldkoosolek ei ole kvoorumin\u00f5ude mittet\u00e4itmise korral p\u00e4dev otsuseid vastu v\u00f5tma, kutsub juhatus kolme n\u00e4dala jooksul kokku uue \u00fcldkoosoleku sama p\u00e4evakorraga.<\/div>\n<div>Uus \u00fcldkoosolek on p\u00e4dev otsuseid vastu v\u00f5tma s\u00f5ltumata \u00fcldkoosolekul osalevate liikmete arvust, kuid \u00fcksnes juhul, kui \u00fcldkoosolekul osaleb v\u00f5i on esindatud v\u00e4hemalt kaks liiget.<\/div>\n<div>Kui \u00fcldkoosoleku kokkukutsumisel on rikutud p\u00f5hikirjaga s\u00e4testatud n\u00f5udeid, ei ole \u00fcldkoosolek \u00f5igustatud otsuseid vastu v\u00f5tma, v\u00e4lja arvatud juhul, kui \u00fcldkoosolekul osalevad v\u00f5i on esindatud k\u00f5ik Klubi liikmed.<\/div>\n<div>27. \u00dcldkoosoleku otsus on vastu v\u00f5etud, kui selle poolt h\u00e4\u00e4letab \u00fcle poole koosolekul osalenud Klubi h\u00e4\u00e4le\u00f5iguslikest liikmetest. Klubi tegevuse eesm\u00e4rgi muutmiseks on vajalik 9\/10 Klubi liikmete n\u00f5usolek.<\/div>\n<div>Klubi liige ei v\u00f5i h\u00e4\u00e4letada, kui Klubi otsustab temaga tehingu s\u00f5lmimist v\u00f5i temaga kohtuvaidluse alustamist v\u00f5i l\u00f5petamist.<\/div>\n<div>28. \u00dcldkoosolek v\u00f5ib vastu v\u00f5tta otsuseid p\u00f5hikirja muutmise kohta, kui sellel on esindatud 1\/2 v\u00f5i enam Klubi liikmetest eeldusel, et nad on tutvunud uue p\u00f5hikirja projektiga.<\/div>\n<div>P\u00f5hikirja muutmise otsus on vastu v\u00f5etud, kui selle poolt h\u00e4\u00e4letavad v\u00e4hemalt 2\/3 \u00fcldkoosolekul osalenud liikmetest.<\/div>\n<div>29. Klubil on juhatus, mis seda juhib ja esindab. Juhatuse valib \u00dcldkoosolek laekunud avalduste p\u00f5hjal.<\/div>\n<div>Juhatus valitakse kolmeliikmeline.<\/div>\n<div>30. Juhatuse liikmete volituste aja otsustab \u00fcldkoosolek. Juhatuse liige peab olema teov\u00f5imeline f\u00fc\u00fcsiline isik.<\/div>\n<div>31. Juhatuse liikmete valimisel on otsustavaks \u00fclesseatud kandidaatidele antud suurem h\u00e4\u00e4lte arv.<\/div>\n<div>32. Juhatuse liikme v\u00f5ib \u00fcldkoosoleku otsusega tagasi kutsuda kohustuste t\u00e4itmata j\u00e4tmise v\u00f5i v\u00f5imetuse korral Klubi tegevust juhtida v\u00f5i m\u00f5nel muul p\u00f5hjusel.<\/div>\n<div>Juhatuse liige v\u00f5ib tagasi astuda enne t\u00e4htaja l\u00f5ppemist isikliku avalduse alusel. Tagasikutsutud v\u00f5i tagasiastunud juhatuse liikmed asendatakse \u00fcldkoosolekul juhatuse liikmete valimise korra alusel.<\/div>\n<div>33. Kui kogu Klubi juhatus on otsustanud tagasi astuda, siis kutsutakse alates otsuse teatavaks tegemise p\u00e4evast 14.-ne p\u00e4eva jooksul kokku erakorraline \u00fcldkoosolek, millel valitakse uus juhatus.<\/div>\n<div>34. Valitud juhatusele antakse koheselt \u00fcle revideeritud Klubi rahalised ja materiaalsed v\u00e4\u00e4rtused. Samas selgitatakse ka v\u00f5imalike tekkinud rahaliste ja materiaalsete puuduj\u00e4\u00e4kide p\u00f5hjused ja s\u00fc\u00fcdlased ning tehakse otsused puuduj\u00e4\u00e4kide tagasitasumise korra suhtes.<\/div>\n<div>35. Juhatuse liige ei v\u00f5i oma kohustuste t\u00e4itmist panna kolmandatele isikutele.<\/div>\n<div>36. Juhatuse liikmetel on \u00f5igus saada \u00fclesannete t\u00e4itmisel tehtud vajalike kulutuste h\u00fcvitamist kui tehtud kulutused on dokumentaalselt t\u00f5estatud ja ainult v\u00e4ga erakorralistel juhtudel.<\/div>\n<h3>V KLUBI JUHATUS<\/h3>\n<div>37. Juhatus v\u00f5tab vastu otsuseid Klubi tegevuse juhtimise k\u00fcsimustes. Juhatuse p\u00e4devusse kuuluvad:<\/div>\n<div>37.1 \u00dcldkoosoleku ettevalmistamine ja otsuste elluviimine;<\/div>\n<div>37.2 Liikmete ning noorliikmete vastuv\u00f5tmise ja liikmeskonnast v\u00e4lja arvamise otsustamine ja Klubi toetajaliikmetega lepingute s\u00f5lmimine;<\/div>\n<div>37.3 \u00dchekordse sisseastumismaksu ja liikmemaksude suuruse ja tasumise korra kehtestamine;<\/div>\n<div>37.4 Klubi tegevuskavade ja eelarve koostamine ning esitamine \u00fcldkoosolekule;<\/div>\n<div>37.5 Klubi t\u00f6\u00f6gruppide ja institutsioonide koosseisude nimeline kinnitamine;<\/div>\n<div>37.6 V\u00e4lissuhete korraldamine ja koordineerimine;<\/div>\n<div>37.7 S\u00fcmboolika ja atribuutika kavandite ja statuutide kinnitamine;<\/div>\n<div>37.8 Klubi v\u00f5istluste ja \u00fcrituste kalendri, v\u00f5istlusjuhendite ja eelarvete,<\/div>\n<div>koondv\u00f5istkondade, treenerite, kohtunike kinnitamine ja muude sportlikku tegevust ja \u00fchisettev\u00f5tmisi puutuvate \u00fcldk\u00fcsimuste lahendamine;<\/div>\n<div>37.9 Lepingute s\u00f5lmimine ja volikirjade v\u00e4lja andmine;<\/div>\n<div>37.10 \u00dcks kord aastas Klubi p\u00f5hikirja l\u00e4bivaatamine ja vajadusel uuendamine.<\/div>\n<div>38. Juhatus on otsustusv\u00f5imeline, kui juhatuse koosolekul osaleb v\u00e4hemalt kaks juhatuse liiget.<\/div>\n<div>Juhatuse liige ei saa osaleda h\u00e4\u00e4letuses, kui otsustatakse temaga tehingu s\u00f5lmimist v\u00f5i temaga kohtuvaidluse alustamist v\u00f5i l\u00f5petamist Klubi poolt.<\/div>\n<div>39. Koosolekud protokollitakse, vastuv\u00f5etud otsused fikseeritakse kirjalikult. Juhatuse otsused v\u00f5etakse vastu h\u00e4\u00e4letamise teel lihth\u00e4\u00e4lteenamusega.<\/div>\n<h3>VI KLUBI REVIDENT<\/h3>\n<div>40. \u00dcldkoosolek teostab j\u00e4relvalvet juhatuse ja teiste organite \u00fcle. Selle \u00fclesande teostamiseks m\u00e4\u00e4rab \u00fcldkoosolek revidendi.<\/div>\n<div>J\u00e4relvalve teostaja peab olema teov\u00f5imeline f\u00fc\u00fcsiline isik ning<\/div>\n<div>ta ei tohi kuuluda juhatuse liikmete hulka. Juhatus peab v\u00f5imaldama revidendil tutvuda k\u00f5igi revisjoni l\u00e4biviimiseks vajalike dokumentidega ning andma vajalikku teavet.<\/div>\n<div>Revident koostab revisjoni tulemuste kohta aruande, mille esitab \u00fcldkoosolekule.<\/div>\n<h3>VI KLUBI VAHENDID, VARA JA ARUANDLUS<\/h3>\n<div>41. Klubi vahendid ja vara moodustuvad:<\/div>\n<div>41.1 Sisseastumis- ja liikmemaksudest;<\/div>\n<div>41.2 F\u00fc\u00fcsiliste ja juriidiliste isikute annetustest;<\/div>\n<div>41.3 Klubi p\u00f5hikirjaliste eesm\u00e4rkide saavutamiseks korraldatavatest tulu\u00fcritustelt, sponsor- ja reklaamilepingutest, loteriidest ja ennustusv\u00f5istlustest, tehingutest kinnis- ja vallasvaraga laekuvast tulust, intressitulust ning muudest laekumistest.<\/div>\n<div>41.4 Klubi laekumiste eest soetatud atribuutika ja teised esemelised vahendid.<\/div>\n<div>42. Klubi vahendid ja vara kuuluvad Klubile ning neid kasutatakse ja k\u00e4sutatakse Klubi eesm\u00e4rkide saavutamiseks vastavalt kehtivatele \u00f5igusaktidele ning k\u00e4esolevale p\u00f5hikirjale.<\/div>\n<h3>VII KLUBI TEGEVUSE L\u00d5PETAMINE<\/h3>\n<div>43. Klubi tegevus l\u00f5petatakse:<\/div>\n<div>43.1 \u00dcldkoosoleku otsuse alusel, kui \u00fcldkoosolekul on esindatud 2\/3 v\u00f5i enam Klubi liikmetest ja selle poolt h\u00e4\u00e4letavad k\u00f5ik \u00fcldkoosolekul osalenud liikmed;<\/div>\n<div>43.2 Klubi liikmete arvu v\u00e4henemisel alla kahe;<\/div>\n<div>43.3 Sundl\u00f5petamise korras kohtuotsusega siseministri v\u00f5i muu huvitatud isiku n\u00f5udel seaduses s\u00e4testatud juhtudel.<\/div>\n<\/td>\n<\/tr>\n<\/tbody>\n<\/table>\n<p><span class=\"article_separator\">\u00a0<\/span><\/p>\n","protected":false},"excerpt":{"rendered":"<p>I \u00dcLDS\u00c4TTED 1. Eesti Ladaklubi (edaspidi nimetatud Klubi), on vaba algatuse alusel asutatud ja seltsinguna tegutsev vabatahtlik \u00fchendus, mille p\u00f5hitegevus on suunatud s\u00f5iduautodega Lada (edaspidi Lada) seonduva tegevuse arendamisele ning \u00fcldise autokultuuri t\u00f5stmisele Eestis. 2. Klubi \u00fchendab Eestis aktiivselt klubi eesm\u00e4rkidele kaasa aitavaid isikuid, klubisid, seltse ja \u00fchendusi. 3. Klubi juhindub oma tegevuses Eesti Vabariigis [&hellip;]<\/p>\n","protected":false},"author":1,"featured_media":0,"parent":0,"menu_order":0,"comment_status":"closed","ping_status":"closed","template":"","meta":[],"_links":{"self":[{"href":"https:\/\/ladaklubi.ee\/index.php?rest_route=\/wp\/v2\/pages\/95"}],"collection":[{"href":"https:\/\/ladaklubi.ee\/index.php?rest_route=\/wp\/v2\/pages"}],"about":[{"href":"https:\/\/ladaklubi.ee\/index.php?rest_route=\/wp\/v2\/types\/page"}],"author":[{"embeddable":true,"href":"https:\/\/ladaklubi.ee\/index.php?rest_route=\/wp\/v2\/users\/1"}],"replies":[{"embeddable":true,"href":"https:\/\/ladaklubi.ee\/index.php?rest_route=%2Fwp%2Fv2%2Fcomments&post=95"}],"version-history":[{"count":1,"href":"https:\/\/ladaklubi.ee\/index.php?rest_route=\/wp\/v2\/pages\/95\/revisions"}],"predecessor-version":[{"id":96,"href":"https:\/\/ladaklubi.ee\/index.php?rest_route=\/wp\/v2\/pages\/95\/revisions\/96"}],"wp:attachment":[{"href":"https:\/\/ladaklubi.ee\/index.php?rest_route=%2Fwp%2Fv2%2Fmedia&parent=95"}],"curies":[{"name":"wp","href":"https:\/\/api.w.org\/{rel}","templated":true}]}}