{"id":78,"date":"2015-11-18T18:53:05","date_gmt":"2015-11-18T18:53:05","guid":{"rendered":"http:\/\/ladaklubi.ee\/?page_id=78"},"modified":"2015-11-24T21:52:12","modified_gmt":"2015-11-24T21:52:12","slug":"tehnilised-andmed","status":"publish","type":"page","link":"https:\/\/ladaklubi.ee\/?page_id=78","title":{"rendered":"Tehnilised andmed"},"content":{"rendered":"<div class=\"table-responsive\">\n<table class=\"table table-condensed\" style=\"text-align: center;\">\n<tbody>\n<tr>\n<td><b>Nimetus<\/b><\/td>\n<td colspan=\"9\"><b>Mudel<\/b><\/td>\n<\/tr>\n<tr>\n<td bgcolor=\"#E6E6FF\"><b>\u00dcldandmed<\/b><\/td>\n<td>2101<\/td>\n<td>21011<\/td>\n<td>2102<\/td>\n<td>2103<\/td>\n<td>2104<\/td>\n<td>2105<\/td>\n<td>2106<\/td>\n<td>2107<\/td>\n<td>2121<\/td>\n<\/tr>\n<tr>\n<td><b>Istekohtade arv koos juhiga<\/b><\/td>\n<td colspan=\"8\">5<\/td>\n<td>4 v\u00f5i 5<\/td>\n<\/tr>\n<tr>\n<td><b>Kandev\u00f5ime (kg)<\/b><\/td>\n<td>400<\/td>\n<td>400<\/td>\n<td>430<\/td>\n<td>400<\/td>\n<td><\/td>\n<td>400<\/td>\n<td>400<\/td>\n<td>400<\/td>\n<td>400<\/td>\n<\/tr>\n<tr>\n<td><b>T\u00fchimass (kg)<\/b><\/td>\n<td>955<\/td>\n<td>955<\/td>\n<td>1010<\/td>\n<td>1030<\/td>\n<td>1020<\/td>\n<td>995<\/td>\n<td>1045<\/td>\n<td>1030<\/td>\n<td>1150<\/td>\n<\/tr>\n<tr>\n<td><b>T\u00e4ismass (kg)<\/b><\/td>\n<td>1355<\/td>\n<td>1355<\/td>\n<td>1440<\/td>\n<td>1430<\/td>\n<td>1475<\/td>\n<td>1395<\/td>\n<td>1445<\/td>\n<td>1430<\/td>\n<td>1550<\/td>\n<\/tr>\n<tr>\n<td><b>Kliirens (tagasilla talani)<\/b><\/td>\n<td>170<\/td>\n<td>170<\/td>\n<td>175<\/td>\n<td>170<\/td>\n<td>175<\/td>\n<td>157<\/td>\n<td>170<\/td>\n<td>157<\/td>\n<td>220<\/td>\n<\/tr>\n<tr>\n<td><b>Max kiirus (km\/h)<\/b><\/td>\n<td>142<\/td>\n<td>145<\/td>\n<td>137<\/td>\n<td>152<\/td>\n<td>135<\/td>\n<td>145<\/td>\n<td>154<\/td>\n<td>152<\/td>\n<td>132<\/td>\n<\/tr>\n<tr>\n<td><b>Kiirendus sekundit 0-100 km\/h\u00a0\u00a0<\/b><\/td>\n<td>20<\/td>\n<td>18<\/td>\n<td>23<\/td>\n<td>17<\/td>\n<td>18<\/td>\n<td>18<\/td>\n<td>16<\/td>\n<td>15<\/td>\n<td>23<\/td>\n<\/tr>\n<tr>\n<td><b>Pidurdusteekond meetrit 80-0 km\/h<\/b><\/td>\n<td colspan=\"8\">38<\/td>\n<td>40<\/td>\n<\/tr>\n<tr>\n<td><b><\/b><\/td>\n<\/tr>\n<tr>\n<td bgcolor=\"#E6E6E6\"><b>K\u00fctusekulu (l\/100 km)<\/b><\/td>\n<td>2101<\/td>\n<td>21011<\/td>\n<td>2102<\/td>\n<td>2103<\/td>\n<td>2104<\/td>\n<td>2105<\/td>\n<td>2106<\/td>\n<td>2107<\/td>\n<td>2121<\/td>\n<\/tr>\n<tr>\n<td><b>90 km\/h<\/b><\/td>\n<td>7,2<\/td>\n<td>7,8<\/td>\n<td>7,8<\/td>\n<td>7,7<\/td>\n<td><\/td>\n<td>7,3<\/td>\n<td>7,7<\/td>\n<td>7,9<\/td>\n<td>10,5<\/td>\n<\/tr>\n<tr>\n<td><b>120 km\/h<\/b><\/td>\n<td>9,8<\/td>\n<td>10,5<\/td>\n<td>10,7<\/td>\n<td>10,7<\/td>\n<td><\/td>\n<td>10,2<\/td>\n<td>10,5<\/td>\n<td>10,7<\/td>\n<td><\/td>\n<\/tr>\n<tr>\n<td><b>Linnats\u00fckkel<\/b><\/td>\n<td>10,8<\/td>\n<td>11,5<\/td>\n<td>12,1<\/td>\n<td>11,9<\/td>\n<td><\/td>\n<td>10,2<\/td>\n<td>10,7<\/td>\n<td>10,9<\/td>\n<td>13,4<\/td>\n<\/tr>\n<tr>\n<td><b>\u00a0<\/b><\/td>\n<\/tr>\n<tr>\n<td bgcolor=\"#E6E6E6\"><b>Mootor<\/b><\/td>\n<td>2101<\/td>\n<td>21011<\/td>\n<td>2102<\/td>\n<td>2103<\/td>\n<td>2104<\/td>\n<td>2105<\/td>\n<td>2106<\/td>\n<td>2107<\/td>\n<td>2121<\/td>\n<\/tr>\n<tr>\n<td><b>T\u00fc\u00fcp ja silindrite arv<\/b><\/td>\n<td colspan=\"9\">Neljataktiline \u00fclal paikneva nukkv\u00f5lliga karburaatormootor 4 silindrit reas<\/td>\n<\/tr>\n<tr>\n<td><b>Silindri l\u00e4bim\u00f5\u00f5t mm<\/b><\/td>\n<td>76<\/td>\n<td>79<\/td>\n<td>76<\/td>\n<td>76<\/td>\n<td><\/td>\n<td>79<\/td>\n<td>79<\/td>\n<td>76<\/td>\n<td>79<\/td>\n<\/tr>\n<tr>\n<td><b>Kolvik\u00e4ik mm<\/b><\/td>\n<td>66<\/td>\n<td>66<\/td>\n<td>66<\/td>\n<td>80<\/td>\n<td><\/td>\n<td>66<\/td>\n<td>80<\/td>\n<td>80<\/td>\n<td>80<\/td>\n<\/tr>\n<tr>\n<td><b>T\u00f6\u00f6maht l<\/b><\/td>\n<td>1,2<\/td>\n<td>1,3<\/td>\n<td>1,2<\/td>\n<td>1,45<\/td>\n<td>1,29<\/td>\n<td>1,3<\/td>\n<td>1,57<\/td>\n<td>1,45<\/td>\n<td>1,57<\/td>\n<\/tr>\n<tr>\n<td><b>V\u00f5imsus kW(hj)\/p\u00f6\u00f6rlemissagedusel p\/min<\/b><\/td>\n<td>47(64)\/5600<\/td>\n<td>51(69)\/5600<\/td>\n<td>47(64)\/5600<\/td>\n<td>57(77)\/5600<\/td>\n<td>47(64)\/5600<\/td>\n<td>51(69)\/5600<\/td>\n<td>59(80)\/5400<\/td>\n<td>57(77)5600<\/td>\n<td>59(80)\/5400<\/td>\n<\/tr>\n<tr>\n<td><b>P\u00f6\u00f6rdemoment (Nm\/p\/min)<\/b><\/td>\n<td>89\/3400<\/td>\n<td>96\/3400<\/td>\n<td>89\/3400<\/td>\n<td>108\/3400<\/td>\n<td>94\/3400<\/td>\n<td>96\/3400<\/td>\n<td>121\/3000<\/td>\n<td>108\/3400<\/td>\n<td>124\/3000<\/td>\n<\/tr>\n<tr>\n<td><b>T\u00f6\u00f6j\u00e4rjekord<\/b><\/td>\n<td colspan=\"9\">1-3-4-2<\/td>\n<\/tr>\n<tr>\n<td><b>T\u00fchik\u00e4igu v\u00e4him p\u00f6\u00f6rlemissagedus<\/b><\/td>\n<td colspan=\"4\">750 &#8230; 800<\/td>\n<td><\/td>\n<td>850 &#8230; 900<\/td>\n<td>750 &#8230; 800<\/td>\n<td>820 &#8230; 900<\/td>\n<td>750 &#8230; 800<\/td>\n<\/tr>\n<tr>\n<td><b>Surveaste<\/b><\/td>\n<td colspan=\"9\">8,5<\/td>\n<\/tr>\n<tr>\n<td><b>\u00a0<\/b><\/td>\n<\/tr>\n<tr>\n<td bgcolor=\"#E6E6E6\"><b>J\u00f5u\u00fclekanne<\/b><\/td>\n<td>2101<\/td>\n<td>21011<\/td>\n<td>2102<\/td>\n<td>2103<\/td>\n<td>2104<\/td>\n<td>2105<\/td>\n<td>2106<\/td>\n<td>2107<\/td>\n<td>2121<\/td>\n<\/tr>\n<tr>\n<td><b>Sidur:<\/b><\/td>\n<td><\/td>\n<\/tr>\n<tr>\n<td><b>t\u00fc\u00fcp<\/b><\/td>\n<td colspan=\"9\">\u00fchekettaline, kuiv, taldrikvedruga<\/td>\n<\/tr>\n<tr>\n<td><b>Ajam:<\/b><\/td>\n<td colspan=\"9\">h\u00fcdrauliline<\/td>\n<\/tr>\n<tr>\n<td><b>K\u00e4igukast:<\/b><\/td>\n<td><\/td>\n<\/tr>\n<tr>\n<td><b>t\u00fc\u00fcp<\/b><\/td>\n<td colspan=\"9\">mehaaniline, nelja-\/viieastmeline, s\u00fcnkronisaatoritega k\u00f5ikidel edasik\u00e4ikudel<\/td>\n<\/tr>\n<tr>\n<td><b>\u00dclekandearvud:<\/b><\/td>\n<td><\/td>\n<\/tr>\n<tr>\n<td><b>1. K\u00e4ik<\/b><\/td>\n<td colspan=\"4\">3,75<\/td>\n<td><\/td>\n<td>3,67<\/td>\n<td>3,24<\/td>\n<td>3,67<\/td>\n<td>3,24<\/td>\n<\/tr>\n<tr>\n<td><b>2. K\u00e4ik<\/b><\/td>\n<td colspan=\"4\">2,3<\/td>\n<td><\/td>\n<td>2,1<\/td>\n<td>1,99<\/td>\n<td>2,1<\/td>\n<td>1,99<\/td>\n<\/tr>\n<tr>\n<td><b>3. K\u00e4ik<\/b><\/td>\n<td colspan=\"4\">1,49<\/td>\n<td><\/td>\n<td>1,36<\/td>\n<td>1,29<\/td>\n<td>1,36<\/td>\n<td>1,29<\/td>\n<\/tr>\n<tr>\n<td><b>4. K\u00e4ik<\/b><\/td>\n<td colspan=\"9\">1<\/td>\n<\/tr>\n<tr>\n<td><b>Tagasik\u00e4ik<\/b><\/td>\n<td colspan=\"4\">3,87<\/td>\n<td><\/td>\n<td>3,53<\/td>\n<td>3,34<\/td>\n<td>3,53<\/td>\n<td>3,34<\/td>\n<\/tr>\n<tr>\n<td><b>Pea\u00fclekanne:<\/b><\/td>\n<td><\/td>\n<\/tr>\n<tr>\n<td><b>t\u00fc\u00fcp<\/b><\/td>\n<td colspan=\"9\">kooniline h\u00fcpoid\u00fclekanne<\/td>\n<\/tr>\n<tr>\n<td><b>\u00fclekandearv<\/b><\/td>\n<td colspan=\"2\">4,3<\/td>\n<td>4,44<\/td>\n<td>4,3<\/td>\n<td><\/td>\n<td>4,3<\/td>\n<td colspan=\"2\">4,1<\/td>\n<td>4,44<\/td>\n<\/tr>\n<tr>\n<td><b>\u00a0<\/b><\/td>\n<\/tr>\n<tr>\n<td bgcolor=\"#E6E6E6\"><b>Veermik<\/b><\/td>\n<td>2101<\/td>\n<td>21011<\/td>\n<td>2102<\/td>\n<td>2103<\/td>\n<td>2104<\/td>\n<td>2105<\/td>\n<td>2106<\/td>\n<td>2107<\/td>\n<td>2121<\/td>\n<\/tr>\n<tr>\n<td><b>Rehvid<\/b><\/td>\n<td colspan=\"2\">155R13<\/td>\n<td colspan=\"2\">165R13<\/td>\n<td colspan=\"2\">175\/70R13<\/td>\n<td>165R13<\/td>\n<td>175\/70R13<\/td>\n<td>175R16<\/td>\n<\/tr>\n<tr>\n<td><b>Esisild<\/b><\/td>\n<td colspan=\"9\">s\u00f5ltumata \u00f5\u00f5tsharkidega vedrustus, silindrilised keerdvedrud, teleskoopamortisaatorid ja p\u00f5ikstabilisaator<\/td>\n<\/tr>\n<tr>\n<td><b>Tagasild<\/b><\/td>\n<td colspan=\"9\">j\u00e4ik tala, mida \u00fchendavad kerega 4 pikkivarrast ja 1 p\u00f5ikvarras, sil.keerdvedrudega ja ja teleskoopamortisaatoritega<\/td>\n<\/tr>\n<tr>\n<td><b><\/b><\/td>\n<\/tr>\n<tr>\n<td bgcolor=\"#E6E6E6\"><b>Rool<\/b><\/td>\n<td>2101<\/td>\n<td>21011<\/td>\n<td>2102<\/td>\n<td>2103<\/td>\n<td>2104<\/td>\n<td>2105<\/td>\n<td>2106<\/td>\n<td>2107<\/td>\n<td>2121<\/td>\n<\/tr>\n<tr>\n<td><b>Roollireduktor<\/b><\/td>\n<td colspan=\"9\">globoidtigu ja soonrulliga sektor<\/td>\n<\/tr>\n<tr>\n<td><b>Reduktori \u00fclekandearv<\/b><\/td>\n<td colspan=\"9\">16,4<\/td>\n<\/tr>\n<tr>\n<td><b>Rooliajam<\/b><\/td>\n<td colspan=\"9\">koosn. kolmel\u00fclilisest r\u00f6\u00f6pvardast, roolihoovast, pendelhoovast ja k\u00e4\u00e4nmikuhoobadest<\/td>\n<\/tr>\n<tr>\n<td><b>\u00a0 \u00a0 \u00a0 \u00a0 \u00a0 \u00a0 \u00a0 \u00a0 \u00a0 \u00a0<\/b><\/td>\n<\/tr>\n<tr>\n<td bgcolor=\"#E6E6E6\"><b>Pidurid<\/b><\/td>\n<td>2101<\/td>\n<td>21011<\/td>\n<td>2102<\/td>\n<td>2103<\/td>\n<td>2104<\/td>\n<td>2105<\/td>\n<td>2106<\/td>\n<td>2107<\/td>\n<td>2121<\/td>\n<\/tr>\n<tr>\n<td><b>S\u00f5idupidurid:<\/b><\/td>\n<td><\/td>\n<\/tr>\n<tr>\n<td><b>\u00a0\u00a0esiratastel<\/b><\/td>\n<td colspan=\"9\">ketaspidurid<\/td>\n<\/tr>\n<tr>\n<td><b>\u00a0\u00a0tagaratastel<\/b><\/td>\n<td colspan=\"9\">trummelpidurid, iseseaduvate klotside ja r\u00f5huregulaatoriga<\/td>\n<\/tr>\n<tr>\n<td><b>S\u00f5idupidurite ajam<\/b><\/td>\n<td colspan=\"9\">jalgk\u00e4itusega, h\u00fcdrauliline, eraldi ajam esi- ja tagaratastel<\/td>\n<\/tr>\n<tr>\n<td><b>Piduriv\u00f5imendi<\/b><\/td>\n<td colspan=\"3\">puudub<\/td>\n<td colspan=\"6\">vaakumt\u00fc\u00fcpi, m\u00f5jub k\u00f5igile ratastele<\/td>\n<\/tr>\n<tr>\n<td><b>Seisupidur<\/b><\/td>\n<td colspan=\"9\">k\u00e4sik\u00e4itusega, mehaaniline, m\u00f5jub tagaratastele<\/td>\n<\/tr>\n<tr>\n<td><b>\u00a0 \u00a0 \u00a0 \u00a0 \u00a0 \u00a0 \u00a0 \u00a0 \u00a0 \u00a0<\/b><\/td>\n<\/tr>\n<tr>\n<td bgcolor=\"#E6E6E6\"><b>Elektriandmed<\/b><\/td>\n<td>2101<\/td>\n<td>21011<\/td>\n<td>2102<\/td>\n<td>2103<\/td>\n<td>2104<\/td>\n<td>2105<\/td>\n<td>2106<\/td>\n<td>2107<\/td>\n<td>2121<\/td>\n<\/tr>\n<tr>\n<td><b>Juhtmes\u00fcsteem<\/b><\/td>\n<td colspan=\"9\">\u00fchejuhtmeline, kerega on \u00fchendatud vooluallikate miinusklemmid<\/td>\n<\/tr>\n<tr>\n<td><b>Nimipinge V<\/b><\/td>\n<td colspan=\"9\">12<\/td>\n<\/tr>\n<tr>\n<td><b>Aku<\/b><\/td>\n<td colspan=\"9\">mahutavus 55 Ah<\/td>\n<\/tr>\n<tr>\n<td><b>Generaator<\/b><\/td>\n<td colspan=\"4\">sisseehitatud alaldiga vahelduvvoolugeneraator G221<\/td>\n<td colspan=\"2\">G222<\/td>\n<td>G221<\/td>\n<td>G222<\/td>\n<td>G221<\/td>\n<\/tr>\n<tr>\n<td><b>Generaatori vool A:<\/b><\/td>\n<td><\/td>\n<\/tr>\n<tr>\n<td><b>\u00a0\u00a0P\u00f6\u00f6rlemissagedusel 400 p\/min<\/b><\/td>\n<td colspan=\"4\">40<\/td>\n<td>45<\/td>\n<td>40<\/td>\n<td>45<\/td>\n<td>40<\/td>\n<\/tr>\n<tr>\n<td><b>\u00a0\u00a0P\u00f6\u00f6rlemissagedusel 5000 p\/min<\/b><\/td>\n<td colspan=\"4\">42<\/td>\n<td>45<\/td>\n<td>42<\/td>\n<td>45<\/td>\n<td>42<\/td>\n<\/tr>\n<tr>\n<td><b>\u00a0<\/b><\/td>\n<\/tr>\n<tr>\n<td bgcolor=\"#E6E6E6\"><b>Mahuandmed<\/b><\/td>\n<td>2101<\/td>\n<td>21011<\/td>\n<td>2102<\/td>\n<td>2103<\/td>\n<td>2104<\/td>\n<td>2105<\/td>\n<td>2106<\/td>\n<td>2107<\/td>\n<td>2121<\/td>\n<\/tr>\n<tr>\n<td><b>Bensiinipaak (l) (sh.varu)\u00a0<\/b><\/td>\n<td colspan=\"2\">39 (4&#8230;6,5)<\/td>\n<td>45 (5&#8230;7,5)<\/td>\n<td>39 (4&#8230;6,5)<\/td>\n<td><\/td>\n<td colspan=\"3\">39 (4,65)<\/td>\n<td>45 (5&#8230;7,5)<\/td>\n<\/tr>\n<tr>\n<td><b>Mootori jahutuss\u00fcsteem koos k\u00fcttes\u00fcst.ga<\/b><\/td>\n<td colspan=\"9\">9,6 l<\/td>\n<\/tr>\n<tr>\n<td><b>Mootori \u00f5lituss\u00fcsteem (l)<\/b><\/td>\n<td colspan=\"9\">3,75&#8230;4,2<\/td>\n<\/tr>\n<tr>\n<td><b>k\u00e4igukastikarter (l)<\/b><\/td>\n<td colspan=\"9\">1,35<\/td>\n<\/tr>\n<tr>\n<td><b>Tagasilla karter (l)<\/b><\/td>\n<td colspan=\"9\">1,3<\/td>\n<\/tr>\n<tr>\n<td><b>Roolireduktori karter (l)<\/b><\/td>\n<td colspan=\"9\">0,22<\/td>\n<\/tr>\n<tr>\n<td><b>Siduri h\u00fcdroajam (l)<\/b><\/td>\n<td colspan=\"9\">0,2<\/td>\n<\/tr>\n<tr>\n<td><b>Pidurite h\u00fcdroajam ( l)<\/b><\/td>\n<td colspan=\"9\">0,66<\/td>\n<\/tr>\n<tr>\n<td><b>Tuuleklaasipesuri maht (l)<\/b><\/td>\n<td>0,75<\/td>\n<td>1<\/td>\n<td>0,75<\/td>\n<td>1<\/td>\n<td colspan=\"2\">5<\/td>\n<td>2<\/td>\n<td>5<\/td>\n<td>4<\/td>\n<\/tr>\n<\/tbody>\n<\/table>\n<\/div>\n","protected":false},"excerpt":{"rendered":"<p>Nimetus Mudel \u00dcldandmed 2101 21011 2102 2103 2104 2105 2106 2107 2121 Istekohtade arv koos juhiga 5 4 v\u00f5i 5 Kandev\u00f5ime (kg) 400 400 430 400 400 400 400 400 T\u00fchimass (kg) 955 955 1010 1030 1020 995 1045 1030 1150 T\u00e4ismass (kg) 1355 1355 1440 1430 1475 1395 1445 1430 1550 Kliirens (tagasilla talani) [&hellip;]<\/p>\n","protected":false},"author":1,"featured_media":0,"parent":0,"menu_order":0,"comment_status":"closed","ping_status":"closed","template":"","meta":[],"_links":{"self":[{"href":"https:\/\/ladaklubi.ee\/index.php?rest_route=\/wp\/v2\/pages\/78"}],"collection":[{"href":"https:\/\/ladaklubi.ee\/index.php?rest_route=\/wp\/v2\/pages"}],"about":[{"href":"https:\/\/ladaklubi.ee\/index.php?rest_route=\/wp\/v2\/types\/page"}],"author":[{"embeddable":true,"href":"https:\/\/ladaklubi.ee\/index.php?rest_route=\/wp\/v2\/users\/1"}],"replies":[{"embeddable":true,"href":"https:\/\/ladaklubi.ee\/index.php?rest_route=%2Fwp%2Fv2%2Fcomments&post=78"}],"version-history":[{"count":5,"href":"https:\/\/ladaklubi.ee\/index.php?rest_route=\/wp\/v2\/pages\/78\/revisions"}],"predecessor-version":[{"id":118,"href":"https:\/\/ladaklubi.ee\/index.php?rest_route=\/wp\/v2\/pages\/78\/revisions\/118"}],"wp:attachment":[{"href":"https:\/\/ladaklubi.ee\/index.php?rest_route=%2Fwp%2Fv2%2Fmedia&parent=78"}],"curies":[{"name":"wp","href":"https:\/\/api.w.org\/{rel}","templated":true}]}}