{"id":122,"date":"2015-12-14T19:51:10","date_gmt":"2015-12-14T19:51:10","guid":{"rendered":"http:\/\/ladaklubi.ee\/?page_id=122"},"modified":"2015-12-14T19:52:26","modified_gmt":"2015-12-14T19:52:26","slug":"kuidas-saada-liikmeks","status":"publish","type":"page","link":"https:\/\/ladaklubi.ee\/?page_id=122","title":{"rendered":"Kuidas saada liikmeks?"},"content":{"rendered":"<p><strong>Esiteks:<\/strong> k\u00e4i \u00fcritustel ja suhtle rahvaga, tutvu Klubi tegemiste ning selle liikmetega, lase <a href=\"http:\/\/ladaklubi.ee\/foorum\/viewthread.php?tid=24164\" target=\"_blank\">Klubi liikmetel<\/a> ennast tundma \u00f5ppida.<br \/>\n<strong>Teiseks:<\/strong> tutvu <a href=\"http:\/\/ladaklubi.ee\/?page_id=95\" target=\"_blank\">Klubi p\u00f5hikirjaga<\/a> ning veendu et Sa oled n\u00f5us seal kirjas olnut t\u00e4itma ning et Sa vastad seal kirjas olnud n\u00f5udmistele.<br \/>\n<strong>Kolmandaks:<\/strong> otsi omale Klubi liikmeskonnast kolm soovitajat<br \/>\n<strong>Neljandaks:<\/strong> kirjuta <a href=\"http:\/\/www.ladaklubi.ee\/foorum\/viewthread.php?tid=10045\" target=\"_blank\">siia teemasse<\/a> Klubi liikmeks saamise avaldus nagu seda on juba paljud teinud (n\u00e4ide allpool).<\/p>\n<p>V\u00e4hemalt kaks korda aastas(Summer- ja WinterCampi ajal) toimub uute liikmete vastu v\u00f5tmine. Avalduse esitamisest kuni liikmeks vastu v\u00f5tmise v\u00f5i sellest keeldumiseni oled Sa Liikme kandidaat, v\u00f5ta seda kui testiperioodi. Saades Klubi juhatuselt teada positiivse otsuse, tasu liikmemaks(12,5 EUR\/poolaasta) ning \u00fchekordne sisseastumistasu(6 EUR) Ladaklubi arveldusarvele, mille j\u00e4rel oled Sa t\u00e4ie\u00f5iguslik Klubi liige.<\/p>\n","protected":false},"excerpt":{"rendered":"<p>Esiteks: k\u00e4i \u00fcritustel ja suhtle rahvaga, tutvu Klubi tegemiste ning selle liikmetega, lase Klubi liikmetel ennast tundma \u00f5ppida. Teiseks: tutvu Klubi p\u00f5hikirjaga ning veendu et Sa oled n\u00f5us seal kirjas olnut t\u00e4itma ning et Sa vastad seal kirjas olnud n\u00f5udmistele. Kolmandaks: otsi omale Klubi liikmeskonnast kolm soovitajat Neljandaks: kirjuta siia teemasse Klubi liikmeks saamise avaldus [&hellip;]<\/p>\n","protected":false},"author":1,"featured_media":0,"parent":0,"menu_order":0,"comment_status":"closed","ping_status":"closed","template":"","meta":[],"_links":{"self":[{"href":"https:\/\/ladaklubi.ee\/index.php?rest_route=\/wp\/v2\/pages\/122"}],"collection":[{"href":"https:\/\/ladaklubi.ee\/index.php?rest_route=\/wp\/v2\/pages"}],"about":[{"href":"https:\/\/ladaklubi.ee\/index.php?rest_route=\/wp\/v2\/types\/page"}],"author":[{"embeddable":true,"href":"https:\/\/ladaklubi.ee\/index.php?rest_route=\/wp\/v2\/users\/1"}],"replies":[{"embeddable":true,"href":"https:\/\/ladaklubi.ee\/index.php?rest_route=%2Fwp%2Fv2%2Fcomments&post=122"}],"version-history":[{"count":2,"href":"https:\/\/ladaklubi.ee\/index.php?rest_route=\/wp\/v2\/pages\/122\/revisions"}],"predecessor-version":[{"id":124,"href":"https:\/\/ladaklubi.ee\/index.php?rest_route=\/wp\/v2\/pages\/122\/revisions\/124"}],"wp:attachment":[{"href":"https:\/\/ladaklubi.ee\/index.php?rest_route=%2Fwp%2Fv2%2Fmedia&parent=122"}],"curies":[{"name":"wp","href":"https:\/\/api.w.org\/{rel}","templated":true}]}}